{"id":48389,"date":"2018-10-25T16:44:28","date_gmt":"2018-10-25T16:44:28","guid":{"rendered":"https:\/\/ownersdirect-croatia.com\/cesto-postavljana-pitanja\/"},"modified":"2025-01-30T18:30:46","modified_gmt":"2025-01-30T18:30:46","slug":"cesto-postavljana-pitanja","status":"publish","type":"page","link":"https:\/\/ownersdirect-croatia.com\/hr\/cesto-postavljana-pitanja\/","title":{"rendered":"\u010cesto postavljana pitanja"},"content":{"rendered":"<div class=\"wpb-content-wrapper\"><p>[vc_row][vc_column][vc_column_text]Ovdje \u0107ete prona\u0107i \u010desto postavljana pitanja prije i nakon postupka rezervacije. Ako ne prona\u0111ete odgovor na svoje pitanje, obratite se doma\u0107inu i zatra\u017eite dodatne informacije. Tako\u0111er mo\u017eete koristiti obrazac za kontakt. Hvala vam \u0161to ste posjetili na\u0161u web stranicu.[\/vc_column_text][vc_separator color=&#8221;custom&#8221; accent_color=&#8221;#d8dce1&#8243;][\/vc_column][\/vc_row][vc_row][vc_column][vc_column_text]<\/p>\n<div>\n<div class=\"_12ei9u44\">\n<h2 class=\"_tpbrp\" tabindex=\"-1\">Pitanja o rezervaciji<\/h2>\n<\/div>\n<\/div>\n<p>[\/vc_column_text][vc_toggle title=&#8221;Koliko traje proces rezervacije i kako ga napraviti?&#8221; el_id=&#8221;1457564614680-0f2cb9e8-eaaf&#8221;]Nakon primitka upita za rezervaciju, va\u0161a rezervacija se smatra potvr\u0111enom za sljede\u0107a dva radna dana do kojih trebate izvr\u0161iti uplatu akontacije i poslati doma\u0107inu kopiju potvrde. Ako nakon dva radna dana doma\u0107in ne dobije potvrdu o uplati, rezervacija se smatra otkazanom. U slu\u010daju da vam je potrebno vi\u0161e od dva dana za uplatu, obratite se doma\u0107inu i zatra\u017eite dodatno vrijeme.[\/vc_toggle][vc_toggle title=&#8221;Koji su na\u010dini pla\u0107anja prihva\u0107eni?&#8221; el_id=&#8221;1457563269545-df1d9b94-9d5e&#8221;]Privatni iznajmljiva\u010di nemaju mogu\u0107nost tere\u0107enja kreditne kartice ili bilo koje druge kartice. Iz tog razloga prihva\u0107aju pla\u0107anje samo bankovnom doznakom, jer nemaju drugu mogu\u0107nost tere\u0107enja kreditnih kartica ili drugih na\u010dina pla\u0107anja. Na na\u0161oj web stranici sva pla\u0107anja vr\u0161e se izme\u0111u gosta i doma\u0107ina, stoga se obratite doma\u0107inu za sva pitanja u vezi s pla\u0107anjem.[\/vc_toggle][vc_toggle title=&#8221;Mogu li izmijeniti zahtjev za rezervaciju na \u010dekanju?&#8221; el_id=&#8221;1457629903915-f4fbdb9a-385a&#8221;]Da, naravno, sve promjene za rezervacije na \u010dekanju mo\u017eete izvr\u0161iti u dogovoru s doma\u0107inom.[\/vc_toggle][vc_toggle title=&#8221;Kako mogu otkazati zahtjev za rezervaciju?&#8221; el_id=&#8221;1457629903405-ea10c05d-bbf1&#8243;]Trebali biste obavijestiti doma\u0107ina da otka\u017ee zahtjev za rezervaciju. Svakako zahtjev za rezervaciju istje\u010de nakon dva radna dana.[\/vc_toggle][vc_toggle title=&#8221;\u0160to ako \u017eelim otkazati rezervaciju nakon uplate akontacije?&#8221; el_id=&#8221;1457563413051-53682728-2bbe&#8221;]<\/p>\n<p style=\"text-align: left;\">Upla\u0107eni polog je nepovratan, ali ga mo\u017eete iskoristiti za budu\u0107e rezervacije. U tom slu\u010daju doma\u0107in \u0107e vam poslati vau\u010der s upla\u0107enim iznosom koji mo\u017eete iskoristiti kod istog doma\u0107ina sljede\u0107e dvije godine. Otkazivanje je potrebno izvr\u0161iti najmanje dva tjedna prije dolaska. Tako\u0111er, vau\u010der ne vrijedi ako se ne pojavite u smje\u0161taju na dan dolaska.   <\/p>\n<p>[\/vc_toggle][vc_separator color=&#8221;custom&#8221; style=&#8221;dotted&#8221; accent_color=&#8221;#d8dce1&#8243; css=&#8221;.vc_custom_1540486621384{margin-top: 40px !important;}&#8221;][\/vc_column][\/vc_row][vc_row][vc_column][vc_column_text]<\/p>\n<div>\n<div class=\"_1rlifxji\">\n<div class=\"_12ei9u44\">\n<h2 class=\"_tpbrp\" tabindex=\"-1\">Preporu\u010deno za vas<\/h2>\n<\/div>\n<\/div>\n<\/div>\n<p>[\/vc_column_text][vc_toggle title=&#8221;Je li ponu\u0111ena cijena kona\u010dna?&#8221; el_id=&#8221;1457629903502-a0ca9a93-e098&#8243;]Ne, nije, svi doma\u0107ini nude ni\u017eu cijenu od 10-15%, ovisno o duljini boravka i terminu koji \u017eelite rezervirati.[\/vc_toggle][vc_toggle title=&#8221;Kada i gdje mogu vidjeti ponudu s ni\u017eom cijenom?&#8221; el_id=&#8221;1457564659743-c02f10f0-44cd&#8221;]Nakon \u0161to po\u0161aljete zahtjev za rezervaciju, doma\u0107in \u0107e odgovoriti da je termin slobodan i poslati kompletnu specifikaciju rezervacije s uklju\u010denim popustom.[\/vc_toggle][vc_toggle title=&#8221;Kako mogu provjeriti status svoje rezervacije?&#8221; el_id=&#8221;1457629903806-1bdd8e50-4baa&#8221;]Potvrdu rezervacije primit \u0107ete e-po\u0161tom. Status rezervacije mo\u017eete vidjeti i na svom ra\u010dunu u odjeljku <em><strong>nadzorna plo\u010da\/moje rezervacije<\/strong><\/em> .[\/vc_toggle][vc_toggle title=&#8221;Postoje li dodatni tro\u0161kovi po dolasku?&#8221; el_id=&#8221;1457629903703-423a10ad-bc2a&#8221;]Nemate dodatnih tro\u0161kova po dolasku. Sve informacije o dodatnim tro\u0161kovima, ako postoje, istaknute su u opisu pravila za svaku smje\u0161tajnu jedinicu.[\/vc_toggle][vc_toggle title=&#8221;Je li prijevoz iz\/do zra\u010dne luke uklju\u010den u cijenu?&#8221; el_id=&#8221;1457563354555-9215d732-d143&#8243;]Ne nije uklju\u010deno u cijenu. Na va\u0161 zahtjev provjeravamo cijenu prijevoza koja ovisi o udaljenosti lokacije i broju putnika. Sura\u0111ujemo s prijevoznikom koji nudi izvrsnu uslugu po najni\u017eoj cijeni.[\/vc_toggle][vc_separator color=&#8221;custom&#8221; style=&#8221;dotted&#8221; accent_color=&#8221;#d8dce1&#8243; css=&#8221;.vc_custom_1540486621384{margin-top: 40px !important;}&#8221;][\/vc_column][\/vc_row][vc_row][vc_column][vc_column_text]<\/p>\n<div>\n<div class=\"_1rlifxji\">\n<div class=\"_12ei9u44\">\n<h2 class=\"_tpbrp\" tabindex=\"-1\">Pomo\u0107 za va\u0161e rezervacije<\/h2>\n<\/div>\n<\/div>\n<\/div>\n<p>[\/vc_column_text][vc_toggle title=&#8221;\u0160to ako moram otkazati rezervaciju zbog situacije s covid-19?&#8221;]U slu\u010daju da trebate otkazati rezervaciju zbog situacije s virusom Covid-19, nudimo dvije opcije. Puni povrat novca ili slanje vau\u010dera koji mo\u017eete provesti sljede\u0107e dvije sezone s istim doma\u0107inom. Doma\u0107ini tako\u0111er zadr\u017eavaju pravo otkazati va\u0161u rezervaciju iz istih razloga.[\/vc_toggle][vc_toggle title=&#8221;\u0160to trebam u\u010diniti ako sam ne\u0161to zaboravio u mjestu u kojem sam odsjeo?&#8221;]Ako ste ne\u0161to ostavili u smje\u0161taju, slobodno nas kontaktirajte. Provjerit \u0107emo i poslati vam na ku\u0107nu adresu ako prona\u0111emo izgubljeni predmet.[\/vc_toggle][vc_toggle title=&#8221;U kojoj valuti mogu platiti preostali iznos po dolasku?&#8221;]Prihva\u0107amo pla\u0107anja samo u EUR. Ne prihva\u0107amo pla\u0107anja u drugim valutama?[\/vc_toggle][vc_toggle title=&#8221;\u0160to ako stignemo ranije od vremena prijave?&#8221;]Ako stignete ranije od vremena prijave, mo\u017eete ostaviti svoje stvari i vratiti se kasnije kada apartman bude spreman. Ostavljanje stvari nije mogu\u0107e prije podneva. Vrijeme odjave je u 10.00 sati, nakon \u010dega se apartman \u010disti i priprema za sljede\u0107e goste, tako da vrijeme rane prijave nije mogu\u0107e. Samo u situaciji kada nemamo zamjenu gostiju istog dana mo\u017eete do\u0107i i ranije. Preporu\u010dujemo da kod doma\u0107ina provjerite je li mogu\u0107a rana prijava na dan dolaska.[\/vc_toggle][vc_toggle title=&#8221;Je li mogu\u0107e dobiti doru\u010dak uz nadoplatu?&#8221;]Ako vlasnici nude doru\u010dak, to \u0107e biti navedeno u opisu. U svakom slu\u010daju, mo\u017eete kontaktirati doma\u0107ina i pitati o mogu\u0107nosti poslu\u017eivanja doru\u010dka.[\/vc_toggle][\/vc_column][\/vc_row]<\/p>\n<\/div>","protected":false},"excerpt":{"rendered":"<p>[vc_row][vc_column][vc_column_text]Ovdje \u0107ete prona\u0107i \u010desto postavljana pitanja prije i nakon postupka rezervacije. Ako ne prona\u0111ete odgovor na svoje pitanje, obratite se doma\u0107inu i zatra\u017eite dodatne informacije. Tako\u0111er mo\u017eete koristiti obrazac za kontakt. Hvala vam \u0161to ste posjetili na\u0161u web stranicu.[\/vc_column_text][vc_separator color=&#8221;custom&#8221; accent_color=&#8221;#d8dce1&#8243;][\/vc_column][\/vc_row][vc_row][vc_column][vc_column_text] Pitanja o rezervaciji [\/vc_column_text][vc_toggle title=&#8221;Koliko traje proces rezervacije i kako ga napraviti?&#8221; el_id=&#8221;1457564614680-0f2cb9e8-eaaf&#8221;]Nakon primitka [&hellip;]<\/p>\n","protected":false},"author":1,"featured_media":0,"parent":0,"menu_order":0,"comment_status":"closed","ping_status":"closed","template":"","meta":{"footnotes":""},"class_list":["post-48389","page","type-page","status-publish","hentry"],"yoast_head":"<!-- This site is optimized with the Yoast SEO plugin v27.4 - https:\/\/yoast.com\/product\/yoast-seo-wordpress\/ -->\n<title>Najbolja internetska stranica za iznajmljivanje apartmana | \u010cesto postavljana pitanja | Vlasnici Direct Croatia<\/title>\n<meta name=\"description\" content=\"Owners Direct Croatia ima razne apartmane za iznajmljivanje, vile i privatne ku\u0107e s punim sadr\u017eajima u Hrvatskoj. Prona\u0111ite stan s najboljom cijenom za iznajmljivanje.\" \/>\n<meta name=\"robots\" content=\"index, follow, max-snippet:-1, max-image-preview:large, max-video-preview:-1\" \/>\n<link rel=\"canonical\" href=\"https:\/\/ownersdirect-croatia.com\/hr\/cesto-postavljana-pitanja\/\" \/>\n<meta property=\"og:locale\" content=\"hr_HR\" \/>\n<meta property=\"og:type\" content=\"article\" \/>\n<meta property=\"og:title\" content=\"Najbolja internetska stranica za iznajmljivanje apartmana | \u010cesto postavljana pitanja | Vlasnici Direct Croatia\" \/>\n<meta property=\"og:description\" content=\"Owners Direct Croatia ima razne apartmane za iznajmljivanje, vile i privatne ku\u0107e s punim sadr\u017eajima u Hrvatskoj. Prona\u0111ite stan s najboljom cijenom za iznajmljivanje.\" \/>\n<meta property=\"og:url\" content=\"https:\/\/ownersdirect-croatia.com\/hr\/cesto-postavljana-pitanja\/\" \/>\n<meta property=\"og:site_name\" content=\"Owners Direct Croatia\" \/>\n<meta property=\"article:publisher\" content=\"https:\/\/www.facebook.com\/1ownersdirect.croatia?_rdc=1&amp;_rdr\" \/>\n<meta property=\"article:modified_time\" content=\"2025-01-30T18:30:46+00:00\" \/>\n<meta property=\"og:image\" content=\"https:\/\/ownersdirect-croatia.com\/wp-content\/uploads\/2021\/02\/cropped-Icon.png\" \/>\n\t<meta property=\"og:image:width\" content=\"512\" \/>\n\t<meta property=\"og:image:height\" content=\"512\" \/>\n\t<meta property=\"og:image:type\" content=\"image\/png\" \/>\n<meta name=\"twitter:card\" content=\"summary_large_image\" \/>\n<meta name=\"twitter:label1\" content=\"Procijenjeno vrijeme \u010ditanja\" \/>\n\t<meta name=\"twitter:data1\" content=\"5 minuta\" \/>\n<script type=\"application\/ld+json\" class=\"yoast-schema-graph\">{\"@context\":\"https:\\\/\\\/schema.org\",\"@graph\":[{\"@type\":\"WebPage\",\"@id\":\"https:\\\/\\\/ownersdirect-croatia.com\\\/hr\\\/cesto-postavljana-pitanja\\\/\",\"url\":\"https:\\\/\\\/ownersdirect-croatia.com\\\/hr\\\/cesto-postavljana-pitanja\\\/\",\"name\":\"Najbolja internetska stranica za iznajmljivanje apartmana | \u010cesto postavljana pitanja | Vlasnici Direct Croatia\",\"isPartOf\":{\"@id\":\"https:\\\/\\\/ownersdirect-croatia.com\\\/#website\"},\"datePublished\":\"2018-10-25T16:44:28+00:00\",\"dateModified\":\"2025-01-30T18:30:46+00:00\",\"description\":\"Owners Direct Croatia ima razne apartmane za iznajmljivanje, vile i privatne ku\u0107e s punim sadr\u017eajima u Hrvatskoj. Prona\u0111ite stan s najboljom cijenom za iznajmljivanje.\",\"breadcrumb\":{\"@id\":\"https:\\\/\\\/ownersdirect-croatia.com\\\/hr\\\/cesto-postavljana-pitanja\\\/#breadcrumb\"},\"inLanguage\":\"hr\",\"potentialAction\":[{\"@type\":\"ReadAction\",\"target\":[\"https:\\\/\\\/ownersdirect-croatia.com\\\/hr\\\/cesto-postavljana-pitanja\\\/\"]}]},{\"@type\":\"BreadcrumbList\",\"@id\":\"https:\\\/\\\/ownersdirect-croatia.com\\\/hr\\\/cesto-postavljana-pitanja\\\/#breadcrumb\",\"itemListElement\":[{\"@type\":\"ListItem\",\"position\":1,\"name\":\"Home\",\"item\":\"https:\\\/\\\/ownersdirect-croatia.com\\\/hr\\\/\"},{\"@type\":\"ListItem\",\"position\":2,\"name\":\"\u010cesto postavljana pitanja\"}]},{\"@type\":\"WebSite\",\"@id\":\"https:\\\/\\\/ownersdirect-croatia.com\\\/#website\",\"url\":\"https:\\\/\\\/ownersdirect-croatia.com\\\/\",\"name\":\"Only Owners\",\"description\":\"Book direct. Save money!\",\"publisher\":{\"@id\":\"https:\\\/\\\/ownersdirect-croatia.com\\\/#organization\"},\"potentialAction\":[{\"@type\":\"SearchAction\",\"target\":{\"@type\":\"EntryPoint\",\"urlTemplate\":\"https:\\\/\\\/ownersdirect-croatia.com\\\/?s={search_term_string}\"},\"query-input\":{\"@type\":\"PropertyValueSpecification\",\"valueRequired\":true,\"valueName\":\"search_term_string\"}}],\"inLanguage\":\"hr\"},{\"@type\":\"Organization\",\"@id\":\"https:\\\/\\\/ownersdirect-croatia.com\\\/#organization\",\"name\":\"Only Owners\",\"url\":\"https:\\\/\\\/ownersdirect-croatia.com\\\/\",\"logo\":{\"@type\":\"ImageObject\",\"inLanguage\":\"hr\",\"@id\":\"https:\\\/\\\/ownersdirect-croatia.com\\\/#\\\/schema\\\/logo\\\/image\\\/\",\"url\":\"https:\\\/\\\/ownersdirect-croatia.com\\\/wp-content\\\/uploads\\\/2021\\\/02\\\/cropped-Icon.png\",\"contentUrl\":\"https:\\\/\\\/ownersdirect-croatia.com\\\/wp-content\\\/uploads\\\/2021\\\/02\\\/cropped-Icon.png\",\"width\":512,\"height\":512,\"caption\":\"Only Owners\"},\"image\":{\"@id\":\"https:\\\/\\\/ownersdirect-croatia.com\\\/#\\\/schema\\\/logo\\\/image\\\/\"},\"sameAs\":[\"https:\\\/\\\/www.facebook.com\\\/1ownersdirect.croatia?_rdc=1&_rdr\",\"https:\\\/\\\/www.instagram.com\\\/only.owners\\\/\",\"https:\\\/\\\/api.whatsapp.com\\\/send\\\/?phone=385981392168&text&type=phone_number&app_absent=0\"]}]}<\/script>\n<!-- \/ Yoast SEO plugin. -->","yoast_head_json":{"title":"Najbolja internetska stranica za iznajmljivanje apartmana | \u010cesto postavljana pitanja | Vlasnici Direct Croatia","description":"Owners Direct Croatia ima razne apartmane za iznajmljivanje, vile i privatne ku\u0107e s punim sadr\u017eajima u Hrvatskoj. Prona\u0111ite stan s najboljom cijenom za iznajmljivanje.","robots":{"index":"index","follow":"follow","max-snippet":"max-snippet:-1","max-image-preview":"max-image-preview:large","max-video-preview":"max-video-preview:-1"},"canonical":"https:\/\/ownersdirect-croatia.com\/hr\/cesto-postavljana-pitanja\/","og_locale":"hr_HR","og_type":"article","og_title":"Najbolja internetska stranica za iznajmljivanje apartmana | \u010cesto postavljana pitanja | Vlasnici Direct Croatia","og_description":"Owners Direct Croatia ima razne apartmane za iznajmljivanje, vile i privatne ku\u0107e s punim sadr\u017eajima u Hrvatskoj. Prona\u0111ite stan s najboljom cijenom za iznajmljivanje.","og_url":"https:\/\/ownersdirect-croatia.com\/hr\/cesto-postavljana-pitanja\/","og_site_name":"Owners Direct Croatia","article_publisher":"https:\/\/www.facebook.com\/1ownersdirect.croatia?_rdc=1&_rdr","article_modified_time":"2025-01-30T18:30:46+00:00","og_image":[{"width":512,"height":512,"url":"https:\/\/ownersdirect-croatia.com\/wp-content\/uploads\/2021\/02\/cropped-Icon.png","type":"image\/png"}],"twitter_card":"summary_large_image","twitter_misc":{"Procijenjeno vrijeme \u010ditanja":"5 minuta"},"schema":{"@context":"https:\/\/schema.org","@graph":[{"@type":"WebPage","@id":"https:\/\/ownersdirect-croatia.com\/hr\/cesto-postavljana-pitanja\/","url":"https:\/\/ownersdirect-croatia.com\/hr\/cesto-postavljana-pitanja\/","name":"Najbolja internetska stranica za iznajmljivanje apartmana | \u010cesto postavljana pitanja | Vlasnici Direct Croatia","isPartOf":{"@id":"https:\/\/ownersdirect-croatia.com\/#website"},"datePublished":"2018-10-25T16:44:28+00:00","dateModified":"2025-01-30T18:30:46+00:00","description":"Owners Direct Croatia ima razne apartmane za iznajmljivanje, vile i privatne ku\u0107e s punim sadr\u017eajima u Hrvatskoj. Prona\u0111ite stan s najboljom cijenom za iznajmljivanje.","breadcrumb":{"@id":"https:\/\/ownersdirect-croatia.com\/hr\/cesto-postavljana-pitanja\/#breadcrumb"},"inLanguage":"hr","potentialAction":[{"@type":"ReadAction","target":["https:\/\/ownersdirect-croatia.com\/hr\/cesto-postavljana-pitanja\/"]}]},{"@type":"BreadcrumbList","@id":"https:\/\/ownersdirect-croatia.com\/hr\/cesto-postavljana-pitanja\/#breadcrumb","itemListElement":[{"@type":"ListItem","position":1,"name":"Home","item":"https:\/\/ownersdirect-croatia.com\/hr\/"},{"@type":"ListItem","position":2,"name":"\u010cesto postavljana pitanja"}]},{"@type":"WebSite","@id":"https:\/\/ownersdirect-croatia.com\/#website","url":"https:\/\/ownersdirect-croatia.com\/","name":"Only Owners","description":"Book direct. Save money!","publisher":{"@id":"https:\/\/ownersdirect-croatia.com\/#organization"},"potentialAction":[{"@type":"SearchAction","target":{"@type":"EntryPoint","urlTemplate":"https:\/\/ownersdirect-croatia.com\/?s={search_term_string}"},"query-input":{"@type":"PropertyValueSpecification","valueRequired":true,"valueName":"search_term_string"}}],"inLanguage":"hr"},{"@type":"Organization","@id":"https:\/\/ownersdirect-croatia.com\/#organization","name":"Only Owners","url":"https:\/\/ownersdirect-croatia.com\/","logo":{"@type":"ImageObject","inLanguage":"hr","@id":"https:\/\/ownersdirect-croatia.com\/#\/schema\/logo\/image\/","url":"https:\/\/ownersdirect-croatia.com\/wp-content\/uploads\/2021\/02\/cropped-Icon.png","contentUrl":"https:\/\/ownersdirect-croatia.com\/wp-content\/uploads\/2021\/02\/cropped-Icon.png","width":512,"height":512,"caption":"Only Owners"},"image":{"@id":"https:\/\/ownersdirect-croatia.com\/#\/schema\/logo\/image\/"},"sameAs":["https:\/\/www.facebook.com\/1ownersdirect.croatia?_rdc=1&_rdr","https:\/\/www.instagram.com\/only.owners\/","https:\/\/api.whatsapp.com\/send\/?phone=385981392168&text&type=phone_number&app_absent=0"]}]}},"jetpack_sharing_enabled":true,"_links":{"self":[{"href":"https:\/\/ownersdirect-croatia.com\/hr\/wp-json\/wp\/v2\/pages\/48389","targetHints":{"allow":["GET"]}}],"collection":[{"href":"https:\/\/ownersdirect-croatia.com\/hr\/wp-json\/wp\/v2\/pages"}],"about":[{"href":"https:\/\/ownersdirect-croatia.com\/hr\/wp-json\/wp\/v2\/types\/page"}],"author":[{"embeddable":true,"href":"https:\/\/ownersdirect-croatia.com\/hr\/wp-json\/wp\/v2\/users\/1"}],"replies":[{"embeddable":true,"href":"https:\/\/ownersdirect-croatia.com\/hr\/wp-json\/wp\/v2\/comments?post=48389"}],"version-history":[{"count":0,"href":"https:\/\/ownersdirect-croatia.com\/hr\/wp-json\/wp\/v2\/pages\/48389\/revisions"}],"wp:attachment":[{"href":"https:\/\/ownersdirect-croatia.com\/hr\/wp-json\/wp\/v2\/media?parent=48389"}],"curies":[{"name":"wp","href":"https:\/\/api.w.org\/{rel}","templated":true}]}}