{"id":33789,"date":"2018-10-25T15:26:09","date_gmt":"2018-10-25T15:26:09","guid":{"rendered":"https:\/\/ownersdirect-croatia.com\/o-nama\/"},"modified":"2025-01-21T13:37:06","modified_gmt":"2025-01-21T13:37:06","slug":"o-nama","status":"publish","type":"page","link":"https:\/\/ownersdirect-croatia.com\/hr\/o-nama\/","title":{"rendered":"O nama"},"content":{"rendered":"<div class=\"wpb-content-wrapper\">\t\t<div data-elementor-type=\"wp-page\" data-elementor-id=\"33789\" class=\"elementor elementor-33789\" data-elementor-post-type=\"page\">\n\t\t\t\t\t\t<section class=\"elementor-section elementor-top-section elementor-element elementor-element-6f69e8d elementor-section-boxed elementor-section-height-default elementor-section-height-default\" data-id=\"6f69e8d\" data-element_type=\"section\" data-e-type=\"section\">\n\t\t\t\t\t\t<div class=\"elementor-container elementor-column-gap-default\">\n\t\t\t\t\t<div class=\"elementor-column elementor-col-100 elementor-top-column elementor-element elementor-element-7745aa78\" data-id=\"7745aa78\" data-element_type=\"column\" data-e-type=\"column\">\n\t\t\t<div class=\"elementor-widget-wrap elementor-element-populated\">\n\t\t\t\t\t\t<div class=\"elementor-element elementor-element-4e236579 elementor-widget elementor-widget-text-editor\" data-id=\"4e236579\" data-element_type=\"widget\" data-e-type=\"widget\" data-widget_type=\"text-editor.default\">\n\t\t\t\t<div class=\"elementor-widget-container\">\n\t\t\t\t\t\t\t\t\t[vc_row css=&#8221;.vc_custom_1540484653733{margin-bottom: 30px !important;padding-right: 30px !important;padding-left: 30px !important;background-color: #ffffff !important;}&#8221;][vc_column]\t\t<div class=\"homey-module module-title section-title-module text-left \">\r\n\t\t\t<h2 >Booking With us is Easy<\/h2>\r\n\r\n\t\t\t<p  class=\"sub-heading\"><\/p>\r\n\t\t<\/div>\r\n\t\t<div style=\"clear:both; width:100%; height:20px\"><\/div>[vc_single_image image=&#8221;4617&#8243; img_size=&#8221;1140&#215;300&#8243;][\/vc_column][\/vc_row][vc_row css=&#8221;.vc_custom_1540484271922{margin-bottom: 30px !important;padding-right: 30px !important;padding-left: 30px !important;background-color: #ffffff !important;}&#8221;][vc_column]\t\t<div class=\"homey-module module-title section-title-module text-left \">\r\n\t\t\t<h2 >About Only Owners<\/h2>\r\n\r\n\t\t\t<p  class=\"sub-heading\"><\/p>\r\n\t\t<\/div>\r\n\t\t[vc_column_text]Mi smo skupina privatnih iznajmljiva\u010da koja na tr\u017ei\u0161tu nastupa zajedno pod nazivom <a href=\"https:\/\/ownersdirect-croatia.com\/hr\/\">Only Owners<\/a> . Svi smo mi u ovom poslu dugi niz godina i imamo puno iskustva iza sebe, ali nastojimo svake godine biti sve bolji. Na\u0161 cilj je gostima pru\u017eiti najbolju mogu\u0107u uslugu po najni\u017eoj mogu\u0107oj cijeni.\n\nPru\u017eaju\u0107i usluge smje\u0161taja ujedno predstavljamo svoju zemlju i na\u0161 kraj u svijetu te smatramo svojom du\u017eno\u0161\u0107u pokazati da je na\u0161a zemlja puna srda\u010dnih ljudi i izvrsnih doma\u0107ina. Trendovi u svijetu turisti\u010dkih usluga se vrlo brzo mijenjaju, stoga smo iskoristili trenutak da krenemo u novom smjeru i pokrenuli ovu web stranicu.\n\n\u017delimo pru\u017eiti to\u010dne informacije o svakom detalju kako bi gosti dobili to\u010dne informacije bez ikakvih iznena\u0111enja po dolasku na lokaciju. U na\u0161oj ponudi prona\u0107i \u0107ete sve vrste apartmana, vila, <a href=\"https:\/\/ownersdirect-croatia.com\/listing\/\">smje\u0161taja<\/a> za ve\u0107e grupe i <a href=\"https:\/\/en.wikipedia.org\/wiki\/Cruise_ship\">brodova za krstarenje<\/a> .[\/vc_column_text][\/vc_column][\/vc_row]\t\t\t\t\t\t\t\t<\/div>\n\t\t\t\t<\/div>\n\t\t\t\t\t<\/div>\n\t\t<\/div>\n\t\t\t\t\t<\/div>\n\t\t<\/section>\n\t\t\t\t<\/div>\n\t\t<\/div>","protected":false},"excerpt":{"rendered":"<p>[vc_row css=&#8221;.vc_custom_1540484653733{margin-bottom: 30px !important;padding-right: 30px !important;padding-left: 30px !important;background-color: #ffffff !important;}&#8221;][vc_column][vc_single_image image=&#8221;4617&#8243; img_size=&#8221;1140&#215;300&#8243;][\/vc_column][\/vc_row][vc_row css=&#8221;.vc_custom_1540484271922{margin-bottom: 30px !important;padding-right: 30px !important;padding-left: 30px !important;background-color: #ffffff !important;}&#8221;][vc_column][vc_column_text]Mi smo skupina privatnih iznajmljiva\u010da koja na tr\u017ei\u0161tu nastupa zajedno pod nazivom Only Owners . Svi smo mi u ovom poslu dugi niz godina i imamo puno iskustva iza sebe, ali nastojimo svake godine biti [&hellip;]<\/p>\n","protected":false},"author":1,"featured_media":33790,"parent":0,"menu_order":0,"comment_status":"closed","ping_status":"closed","template":"","meta":{"footnotes":""},"class_list":["post-33789","page","type-page","status-publish","has-post-thumbnail","hentry"],"yoast_head":"<!-- This site is optimized with the Yoast SEO plugin v27.5 - https:\/\/yoast.com\/product\/yoast-seo-wordpress\/ -->\n<title>O nama | Samo vlasnici<\/title>\n<meta name=\"description\" content=\"Only Owners je web mjesto za online rezervacije apartmana, vila, smje\u0161taja i brodova za krstarenje koje nudi ni\u017ee cijene. Rezervirajte sada!\" \/>\n<meta name=\"robots\" content=\"index, follow, max-snippet:-1, max-image-preview:large, max-video-preview:-1\" \/>\n<link rel=\"canonical\" href=\"https:\/\/ownersdirect-croatia.com\/hr\/o-nama\/\" \/>\n<meta property=\"og:locale\" content=\"hr_HR\" \/>\n<meta property=\"og:type\" content=\"article\" \/>\n<meta property=\"og:title\" content=\"O nama | Samo vlasnici\" \/>\n<meta property=\"og:description\" content=\"Only Owners je web mjesto za online rezervacije apartmana, vila, smje\u0161taja i brodova za krstarenje koje nudi ni\u017ee cijene. Rezervirajte sada!\" \/>\n<meta property=\"og:url\" content=\"https:\/\/ownersdirect-croatia.com\/hr\/o-nama\/\" \/>\n<meta property=\"og:site_name\" content=\"Owners Direct Croatia\" \/>\n<meta property=\"article:publisher\" content=\"https:\/\/www.facebook.com\/1ownersdirect.croatia?_rdc=1&amp;_rdr\" \/>\n<meta property=\"article:modified_time\" content=\"2025-01-21T13:37:06+00:00\" \/>\n<meta property=\"og:image\" content=\"https:\/\/ownersdirect-croatia.com\/wp-content\/uploads\/2021\/02\/cropped-Icon.png\" \/>\n\t<meta property=\"og:image:width\" content=\"512\" \/>\n\t<meta property=\"og:image:height\" content=\"512\" \/>\n\t<meta property=\"og:image:type\" content=\"image\/png\" \/>\n<meta name=\"twitter:card\" content=\"summary_large_image\" \/>\n<meta name=\"twitter:label1\" content=\"Procijenjeno vrijeme \u010ditanja\" \/>\n\t<meta name=\"twitter:data1\" content=\"1 minuta\" \/>\n<script type=\"application\/ld+json\" class=\"yoast-schema-graph\">{\"@context\":\"https:\\\/\\\/schema.org\",\"@graph\":[{\"@type\":\"WebPage\",\"@id\":\"https:\\\/\\\/ownersdirect-croatia.com\\\/hr\\\/o-nama\\\/\",\"url\":\"https:\\\/\\\/ownersdirect-croatia.com\\\/hr\\\/o-nama\\\/\",\"name\":\"O nama | Samo vlasnici\",\"isPartOf\":{\"@id\":\"https:\\\/\\\/ownersdirect-croatia.com\\\/#website\"},\"primaryImageOfPage\":{\"@id\":\"https:\\\/\\\/ownersdirect-croatia.com\\\/hr\\\/o-nama\\\/#primaryimage\"},\"image\":{\"@id\":\"https:\\\/\\\/ownersdirect-croatia.com\\\/hr\\\/o-nama\\\/#primaryimage\"},\"thumbnailUrl\":\"https:\\\/\\\/ownersdirect-croatia.com\\\/wp-content\\\/uploads\\\/2021\\\/02\\\/cropped-Icon.png\",\"datePublished\":\"2018-10-25T15:26:09+00:00\",\"dateModified\":\"2025-01-21T13:37:06+00:00\",\"description\":\"Only Owners je web mjesto za online rezervacije apartmana, vila, smje\u0161taja i brodova za krstarenje koje nudi ni\u017ee cijene. Rezervirajte sada!\",\"breadcrumb\":{\"@id\":\"https:\\\/\\\/ownersdirect-croatia.com\\\/hr\\\/o-nama\\\/#breadcrumb\"},\"inLanguage\":\"hr\",\"potentialAction\":[{\"@type\":\"ReadAction\",\"target\":[\"https:\\\/\\\/ownersdirect-croatia.com\\\/hr\\\/o-nama\\\/\"]}]},{\"@type\":\"ImageObject\",\"inLanguage\":\"hr\",\"@id\":\"https:\\\/\\\/ownersdirect-croatia.com\\\/hr\\\/o-nama\\\/#primaryimage\",\"url\":\"https:\\\/\\\/ownersdirect-croatia.com\\\/wp-content\\\/uploads\\\/2021\\\/02\\\/cropped-Icon.png\",\"contentUrl\":\"https:\\\/\\\/ownersdirect-croatia.com\\\/wp-content\\\/uploads\\\/2021\\\/02\\\/cropped-Icon.png\",\"width\":512,\"height\":512},{\"@type\":\"BreadcrumbList\",\"@id\":\"https:\\\/\\\/ownersdirect-croatia.com\\\/hr\\\/o-nama\\\/#breadcrumb\",\"itemListElement\":[{\"@type\":\"ListItem\",\"position\":1,\"name\":\"Home\",\"item\":\"https:\\\/\\\/ownersdirect-croatia.com\\\/hr\\\/\"},{\"@type\":\"ListItem\",\"position\":2,\"name\":\"O nama\"}]},{\"@type\":\"WebSite\",\"@id\":\"https:\\\/\\\/ownersdirect-croatia.com\\\/#website\",\"url\":\"https:\\\/\\\/ownersdirect-croatia.com\\\/\",\"name\":\"Only Owners\",\"description\":\"Book direct. Save money!\",\"publisher\":{\"@id\":\"https:\\\/\\\/ownersdirect-croatia.com\\\/#organization\"},\"potentialAction\":[{\"@type\":\"SearchAction\",\"target\":{\"@type\":\"EntryPoint\",\"urlTemplate\":\"https:\\\/\\\/ownersdirect-croatia.com\\\/?s={search_term_string}\"},\"query-input\":{\"@type\":\"PropertyValueSpecification\",\"valueRequired\":true,\"valueName\":\"search_term_string\"}}],\"inLanguage\":\"hr\"},{\"@type\":\"Organization\",\"@id\":\"https:\\\/\\\/ownersdirect-croatia.com\\\/#organization\",\"name\":\"Only Owners\",\"url\":\"https:\\\/\\\/ownersdirect-croatia.com\\\/\",\"logo\":{\"@type\":\"ImageObject\",\"inLanguage\":\"hr\",\"@id\":\"https:\\\/\\\/ownersdirect-croatia.com\\\/#\\\/schema\\\/logo\\\/image\\\/\",\"url\":\"https:\\\/\\\/ownersdirect-croatia.com\\\/wp-content\\\/uploads\\\/2021\\\/02\\\/cropped-Icon.png\",\"contentUrl\":\"https:\\\/\\\/ownersdirect-croatia.com\\\/wp-content\\\/uploads\\\/2021\\\/02\\\/cropped-Icon.png\",\"width\":512,\"height\":512,\"caption\":\"Only Owners\"},\"image\":{\"@id\":\"https:\\\/\\\/ownersdirect-croatia.com\\\/#\\\/schema\\\/logo\\\/image\\\/\"},\"sameAs\":[\"https:\\\/\\\/www.facebook.com\\\/1ownersdirect.croatia?_rdc=1&_rdr\",\"https:\\\/\\\/www.instagram.com\\\/only.owners\\\/\",\"https:\\\/\\\/api.whatsapp.com\\\/send\\\/?phone=385981392168&text&type=phone_number&app_absent=0\"]}]}<\/script>\n<!-- \/ Yoast SEO plugin. -->","yoast_head_json":{"title":"O nama | Samo vlasnici","description":"Only Owners je web mjesto za online rezervacije apartmana, vila, smje\u0161taja i brodova za krstarenje koje nudi ni\u017ee cijene. Rezervirajte sada!","robots":{"index":"index","follow":"follow","max-snippet":"max-snippet:-1","max-image-preview":"max-image-preview:large","max-video-preview":"max-video-preview:-1"},"canonical":"https:\/\/ownersdirect-croatia.com\/hr\/o-nama\/","og_locale":"hr_HR","og_type":"article","og_title":"O nama | Samo vlasnici","og_description":"Only Owners je web mjesto za online rezervacije apartmana, vila, smje\u0161taja i brodova za krstarenje koje nudi ni\u017ee cijene. Rezervirajte sada!","og_url":"https:\/\/ownersdirect-croatia.com\/hr\/o-nama\/","og_site_name":"Owners Direct Croatia","article_publisher":"https:\/\/www.facebook.com\/1ownersdirect.croatia?_rdc=1&_rdr","article_modified_time":"2025-01-21T13:37:06+00:00","og_image":[{"width":512,"height":512,"url":"https:\/\/ownersdirect-croatia.com\/wp-content\/uploads\/2021\/02\/cropped-Icon.png","type":"image\/png"}],"twitter_card":"summary_large_image","twitter_misc":{"Procijenjeno vrijeme \u010ditanja":"1 minuta"},"schema":{"@context":"https:\/\/schema.org","@graph":[{"@type":"WebPage","@id":"https:\/\/ownersdirect-croatia.com\/hr\/o-nama\/","url":"https:\/\/ownersdirect-croatia.com\/hr\/o-nama\/","name":"O nama | Samo vlasnici","isPartOf":{"@id":"https:\/\/ownersdirect-croatia.com\/#website"},"primaryImageOfPage":{"@id":"https:\/\/ownersdirect-croatia.com\/hr\/o-nama\/#primaryimage"},"image":{"@id":"https:\/\/ownersdirect-croatia.com\/hr\/o-nama\/#primaryimage"},"thumbnailUrl":"https:\/\/ownersdirect-croatia.com\/wp-content\/uploads\/2021\/02\/cropped-Icon.png","datePublished":"2018-10-25T15:26:09+00:00","dateModified":"2025-01-21T13:37:06+00:00","description":"Only Owners je web mjesto za online rezervacije apartmana, vila, smje\u0161taja i brodova za krstarenje koje nudi ni\u017ee cijene. Rezervirajte sada!","breadcrumb":{"@id":"https:\/\/ownersdirect-croatia.com\/hr\/o-nama\/#breadcrumb"},"inLanguage":"hr","potentialAction":[{"@type":"ReadAction","target":["https:\/\/ownersdirect-croatia.com\/hr\/o-nama\/"]}]},{"@type":"ImageObject","inLanguage":"hr","@id":"https:\/\/ownersdirect-croatia.com\/hr\/o-nama\/#primaryimage","url":"https:\/\/ownersdirect-croatia.com\/wp-content\/uploads\/2021\/02\/cropped-Icon.png","contentUrl":"https:\/\/ownersdirect-croatia.com\/wp-content\/uploads\/2021\/02\/cropped-Icon.png","width":512,"height":512},{"@type":"BreadcrumbList","@id":"https:\/\/ownersdirect-croatia.com\/hr\/o-nama\/#breadcrumb","itemListElement":[{"@type":"ListItem","position":1,"name":"Home","item":"https:\/\/ownersdirect-croatia.com\/hr\/"},{"@type":"ListItem","position":2,"name":"O nama"}]},{"@type":"WebSite","@id":"https:\/\/ownersdirect-croatia.com\/#website","url":"https:\/\/ownersdirect-croatia.com\/","name":"Only Owners","description":"Book direct. Save money!","publisher":{"@id":"https:\/\/ownersdirect-croatia.com\/#organization"},"potentialAction":[{"@type":"SearchAction","target":{"@type":"EntryPoint","urlTemplate":"https:\/\/ownersdirect-croatia.com\/?s={search_term_string}"},"query-input":{"@type":"PropertyValueSpecification","valueRequired":true,"valueName":"search_term_string"}}],"inLanguage":"hr"},{"@type":"Organization","@id":"https:\/\/ownersdirect-croatia.com\/#organization","name":"Only Owners","url":"https:\/\/ownersdirect-croatia.com\/","logo":{"@type":"ImageObject","inLanguage":"hr","@id":"https:\/\/ownersdirect-croatia.com\/#\/schema\/logo\/image\/","url":"https:\/\/ownersdirect-croatia.com\/wp-content\/uploads\/2021\/02\/cropped-Icon.png","contentUrl":"https:\/\/ownersdirect-croatia.com\/wp-content\/uploads\/2021\/02\/cropped-Icon.png","width":512,"height":512,"caption":"Only Owners"},"image":{"@id":"https:\/\/ownersdirect-croatia.com\/#\/schema\/logo\/image\/"},"sameAs":["https:\/\/www.facebook.com\/1ownersdirect.croatia?_rdc=1&_rdr","https:\/\/www.instagram.com\/only.owners\/","https:\/\/api.whatsapp.com\/send\/?phone=385981392168&text&type=phone_number&app_absent=0"]}]}},"jetpack_sharing_enabled":true,"_links":{"self":[{"href":"https:\/\/ownersdirect-croatia.com\/hr\/wp-json\/wp\/v2\/pages\/33789","targetHints":{"allow":["GET"]}}],"collection":[{"href":"https:\/\/ownersdirect-croatia.com\/hr\/wp-json\/wp\/v2\/pages"}],"about":[{"href":"https:\/\/ownersdirect-croatia.com\/hr\/wp-json\/wp\/v2\/types\/page"}],"author":[{"embeddable":true,"href":"https:\/\/ownersdirect-croatia.com\/hr\/wp-json\/wp\/v2\/users\/1"}],"replies":[{"embeddable":true,"href":"https:\/\/ownersdirect-croatia.com\/hr\/wp-json\/wp\/v2\/comments?post=33789"}],"version-history":[{"count":0,"href":"https:\/\/ownersdirect-croatia.com\/hr\/wp-json\/wp\/v2\/pages\/33789\/revisions"}],"wp:featuredmedia":[{"embeddable":true,"href":"https:\/\/ownersdirect-croatia.com\/hr\/wp-json\/wp\/v2\/media\/33790"}],"wp:attachment":[{"href":"https:\/\/ownersdirect-croatia.com\/hr\/wp-json\/wp\/v2\/media?parent=33789"}],"curies":[{"name":"wp","href":"https:\/\/api.w.org\/{rel}","templated":true}]}}